{"id":27931,"date":"2011-05-09T18:45:11","date_gmt":"2011-05-09T22:45:11","guid":{"rendered":"https:\/\/pmac.org\/outils-et-ressources\/"},"modified":"2025-01-10T12:48:05","modified_gmt":"2025-01-10T17:48:05","slug":"outils-et-ressources","status":"publish","type":"page","link":"https:\/\/pmac.org\/fr\/outils-et-ressources\/","title":{"rendered":"Outils et ressources"},"content":{"rendered":"\t\t<div data-elementor-type=\"wp-page\" data-elementor-id=\"27931\" class=\"elementor elementor-27931 elementor-489\" data-elementor-post-type=\"page\">\n\t\t\t\t\t\t<section class=\"elementor-section elementor-top-section elementor-element elementor-element-2006d968 elementor-section-height-full blue-banner elementor-section-boxed elementor-section-height-default elementor-section-items-middle\" data-id=\"2006d968\" data-element_type=\"section\" data-e-type=\"section\" data-settings=\"{&quot;background_background&quot;:&quot;classic&quot;}\">\n\t\t\t\t\t\t\t<div class=\"elementor-background-overlay\"><\/div>\n\t\t\t\t\t\t\t<div class=\"elementor-container elementor-column-gap-default\">\n\t\t\t\t\t<div class=\"elementor-column elementor-col-100 elementor-top-column elementor-element elementor-element-6df9f4d0\" data-id=\"6df9f4d0\" data-element_type=\"column\" data-e-type=\"column\">\n\t\t\t<div class=\"elementor-widget-wrap elementor-element-populated\">\n\t\t\t\t\t\t<section class=\"elementor-section elementor-inner-section elementor-element elementor-element-7a3ea22 elementor-section-content-middle elementor-section-boxed elementor-section-height-default elementor-section-height-default\" data-id=\"7a3ea22\" data-element_type=\"section\" data-e-type=\"section\">\n\t\t\t\t\t\t<div class=\"elementor-container elementor-column-gap-default\">\n\t\t\t\t\t<div class=\"elementor-column elementor-col-100 elementor-inner-column elementor-element elementor-element-29b0aace\" data-id=\"29b0aace\" data-element_type=\"column\" data-e-type=\"column\">\n\t\t\t<div class=\"elementor-widget-wrap\">\n\t\t\t\t\t\t\t<\/div>\n\t\t<\/div>\n\t\t\t\t\t<\/div>\n\t\t<\/section>\n\t\t\t\t\t<\/div>\n\t\t<\/div>\n\t\t\t\t\t<\/div>\n\t\t<\/section>\n\t\t<div class=\"elementor-element elementor-element-fe64dd0 e-flex e-con-boxed e-con e-parent\" data-id=\"fe64dd0\" data-element_type=\"container\" data-e-type=\"container\">\n\t\t\t\t\t<div class=\"e-con-inner\">\n\t\t\t\t<div class=\"elementor-element elementor-element-0caabdb elementor-widget elementor-widget-spacer\" data-id=\"0caabdb\" data-element_type=\"widget\" data-e-type=\"widget\" data-widget_type=\"spacer.default\">\n\t\t\t\t<div class=\"elementor-widget-container\">\n\t\t\t\t\t\t\t<div class=\"elementor-spacer\">\n\t\t\t<div class=\"elementor-spacer-inner\"><\/div>\n\t\t<\/div>\n\t\t\t\t\t\t<\/div>\n\t\t\t\t<\/div>\n\t\t\t\t\t<\/div>\n\t\t\t\t<\/div>\n\t\t<div class=\"elementor-element elementor-element-a4b1def e-flex e-con-boxed e-con e-parent\" data-id=\"a4b1def\" data-element_type=\"container\" data-e-type=\"container\">\n\t\t\t\t\t<div class=\"e-con-inner\">\n\t\t<a class=\"elementor-element elementor-element-1f60bc9 e-con-full e-flex e-con e-child\" data-id=\"1f60bc9\" data-element_type=\"container\" data-e-type=\"container\" href=\"https:\/\/pmac.org\/sample-agreements-policies\/\">\n\t\t<div class=\"elementor-element elementor-element-204e0ee e-flex e-con-boxed e-con e-child\" data-id=\"204e0ee\" data-element_type=\"container\" data-e-type=\"container\">\n\t\t\t\t\t<div class=\"e-con-inner\">\n\t\t\t\t<div class=\"elementor-element elementor-element-d605479 elementor-widget elementor-widget-image\" data-id=\"d605479\" data-element_type=\"widget\" data-e-type=\"widget\" data-widget_type=\"image.default\">\n\t\t\t\t<div class=\"elementor-widget-container\">\n\t\t\t\t\t\t\t\t\t\t\t\t\t\t\t<img decoding=\"async\" width=\"52\" height=\"61\" src=\"https:\/\/pmac.org\/wp-content\/uploads\/2023\/04\/sample_agreements_policies.svg\" class=\"attachment-large size-large wp-image-27688\" alt=\"\" \/>\t\t\t\t\t\t\t\t\t\t\t\t\t\t\t<\/div>\n\t\t\t\t<\/div>\n\t\t\t\t<div class=\"elementor-element elementor-element-2dc9797 elementor-widget elementor-widget-text-editor\" data-id=\"2dc9797\" data-element_type=\"widget\" data-e-type=\"widget\" data-widget_type=\"text-editor.default\">\n\t\t\t\t<div class=\"elementor-widget-container\">\n\t\t\t\t\t\t\t\t\t<p>Exemples d\u2019ententes et de politiques<\/p>\n\t\t\t\t\t\t\t\t<\/div>\n\t\t\t\t<\/div>\n\t\t\t\t\t<\/div>\n\t\t\t\t<\/div>\n\t\t\t\t<\/a>\n\t\t<a class=\"elementor-element elementor-element-b2b8d0f e-con-full e-flex e-con e-child\" data-id=\"b2b8d0f\" data-element_type=\"container\" data-e-type=\"container\" href=\"https:\/\/pmac.org\/fr\/outils-et-ressources\/economies-de-couts-offertes-par-des-prestataires-de-choix\/\">\n\t\t<div class=\"elementor-element elementor-element-3d4877f e-con-full e-flex e-con e-child\" data-id=\"3d4877f\" data-element_type=\"container\" data-e-type=\"container\">\n\t\t\t\t<div class=\"elementor-element elementor-element-f5f4a4f elementor-widget elementor-widget-image\" data-id=\"f5f4a4f\" data-element_type=\"widget\" data-e-type=\"widget\" data-widget_type=\"image.default\">\n\t\t\t\t<div class=\"elementor-widget-container\">\n\t\t\t\t\t\t\t\t\t\t\t\t\t\t\t<img decoding=\"async\" width=\"62\" height=\"62\" src=\"https:\/\/pmac.org\/wp-content\/uploads\/2024\/03\/preferred_supplier_cost_savings.svg\" class=\"attachment-large size-large wp-image-27690\" alt=\"\" \/>\t\t\t\t\t\t\t\t\t\t\t\t\t\t\t<\/div>\n\t\t\t\t<\/div>\n\t\t\t\t<div class=\"elementor-element elementor-element-bcf98ae elementor-widget elementor-widget-text-editor\" data-id=\"bcf98ae\" data-element_type=\"widget\" data-e-type=\"widget\" data-widget_type=\"text-editor.default\">\n\t\t\t\t<div class=\"elementor-widget-container\">\n\t\t\t\t\t\t\t\t\t<p>\u00c9conomies de co\u00fbts offertes par des prestataires de choix<\/p>\n\t\t\t\t\t\t\t\t<\/div>\n\t\t\t\t<\/div>\n\t\t\t\t<\/div>\n\t\t\t\t<\/a>\n\t\t\t\t\t<\/div>\n\t\t\t\t<\/div>\n\t\t<div class=\"elementor-element elementor-element-146d0b5 e-flex e-con-boxed e-con e-parent\" data-id=\"146d0b5\" data-element_type=\"container\" data-e-type=\"container\">\n\t\t\t\t\t<div class=\"e-con-inner\">\n\t\t<a class=\"elementor-element elementor-element-c6f929e e-con-full e-flex e-con e-child\" data-id=\"c6f929e\" data-element_type=\"container\" data-e-type=\"container\" href=\"https:\/\/pmac.org\/fr\/outils-et-ressources\/enquetes-et-comparaisons-sectorielles\/\">\n\t\t<div class=\"elementor-element elementor-element-f8f1225 e-flex e-con-boxed e-con e-child\" data-id=\"f8f1225\" data-element_type=\"container\" data-e-type=\"container\">\n\t\t\t\t\t<div class=\"e-con-inner\">\n\t\t\t\t<div class=\"elementor-element elementor-element-9da7574 elementor-widget elementor-widget-image\" data-id=\"9da7574\" data-element_type=\"widget\" data-e-type=\"widget\" data-widget_type=\"image.default\">\n\t\t\t\t<div class=\"elementor-widget-container\">\n\t\t\t\t\t\t\t\t\t\t\t\t\t\t\t<img decoding=\"async\" width=\"62\" height=\"55\" src=\"https:\/\/pmac.org\/wp-content\/uploads\/2024\/03\/industry_surveys_benchmarking.svg\" class=\"attachment-large size-large wp-image-27692\" alt=\"\" \/>\t\t\t\t\t\t\t\t\t\t\t\t\t\t\t<\/div>\n\t\t\t\t<\/div>\n\t\t\t\t<div class=\"elementor-element elementor-element-0954a0d elementor-widget elementor-widget-text-editor\" data-id=\"0954a0d\" data-element_type=\"widget\" data-e-type=\"widget\" data-widget_type=\"text-editor.default\">\n\t\t\t\t<div class=\"elementor-widget-container\">\n\t\t\t\t\t\t\t\t\t<p>Enqu\u00eates et comparaisons sectorielles<\/p>\n\t\t\t\t\t\t\t\t<\/div>\n\t\t\t\t<\/div>\n\t\t\t\t\t<\/div>\n\t\t\t\t<\/div>\n\t\t\t\t<\/a>\n\t\t<a class=\"elementor-element elementor-element-b08d7a1 e-con-full e-flex e-con e-child\" data-id=\"b08d7a1\" data-element_type=\"container\" data-e-type=\"container\" href=\"https:\/\/pmac.org\/nav-tools-resources\/seminars-presentations\/\">\n\t\t<div class=\"elementor-element elementor-element-977e092 e-flex e-con-boxed e-con e-child\" data-id=\"977e092\" data-element_type=\"container\" data-e-type=\"container\">\n\t\t\t\t\t<div class=\"e-con-inner\">\n\t\t\t\t<div class=\"elementor-element elementor-element-4b2cacd elementor-widget elementor-widget-image\" data-id=\"4b2cacd\" data-element_type=\"widget\" data-e-type=\"widget\" data-widget_type=\"image.default\">\n\t\t\t\t<div class=\"elementor-widget-container\">\n\t\t\t\t\t\t\t\t\t\t\t\t\t\t\t<img loading=\"lazy\" decoding=\"async\" width=\"69\" height=\"60\" src=\"https:\/\/pmac.org\/wp-content\/uploads\/2024\/03\/seminars_presentations.svg\" class=\"attachment-large size-large wp-image-27694\" alt=\"\" \/>\t\t\t\t\t\t\t\t\t\t\t\t\t\t\t<\/div>\n\t\t\t\t<\/div>\n\t\t\t\t<div class=\"elementor-element elementor-element-da90a60 elementor-widget elementor-widget-text-editor\" data-id=\"da90a60\" data-element_type=\"widget\" data-e-type=\"widget\" data-widget_type=\"text-editor.default\">\n\t\t\t\t<div class=\"elementor-widget-container\">\n\t\t\t\t\t\t\t\t\t<p>S\u00e9minaires et pr\u00e9sentations<\/p>\n\t\t\t\t\t\t\t\t<\/div>\n\t\t\t\t<\/div>\n\t\t\t\t\t<\/div>\n\t\t\t\t<\/div>\n\t\t\t\t<\/a>\n\t\t\t\t\t<\/div>\n\t\t\t\t<\/div>\n\t\t<div class=\"elementor-element elementor-element-80552a9 e-flex e-con-boxed e-con e-parent\" data-id=\"80552a9\" data-element_type=\"container\" data-e-type=\"container\">\n\t\t\t\t\t<div class=\"e-con-inner\">\n\t\t<a class=\"elementor-element elementor-element-29d497c e-con-full e-flex e-con e-child\" data-id=\"29d497c\" data-element_type=\"container\" data-e-type=\"container\" href=\"https:\/\/pmac.org\/fr\/logos-et-documentation-marketing-de-lagpc\/\">\n\t\t<div class=\"elementor-element elementor-element-c750f2d e-flex e-con-boxed e-con e-child\" data-id=\"c750f2d\" data-element_type=\"container\" data-e-type=\"container\">\n\t\t\t\t\t<div class=\"e-con-inner\">\n\t\t\t\t<div class=\"elementor-element elementor-element-46d9e15 elementor-widget elementor-widget-image\" data-id=\"46d9e15\" data-element_type=\"widget\" data-e-type=\"widget\" data-widget_type=\"image.default\">\n\t\t\t\t<div class=\"elementor-widget-container\">\n\t\t\t\t\t\t\t\t\t\t\t\t\t\t\t<img loading=\"lazy\" decoding=\"async\" width=\"67\" height=\"48\" src=\"https:\/\/pmac.org\/wp-content\/uploads\/2024\/02\/inline_icon.png\" class=\"attachment-large size-large wp-image-27613\" alt=\"PMAC Logo\" \/>\t\t\t\t\t\t\t\t\t\t\t\t\t\t\t<\/div>\n\t\t\t\t<\/div>\n\t\t\t\t<div class=\"elementor-element elementor-element-0307510 elementor-widget elementor-widget-text-editor\" data-id=\"0307510\" data-element_type=\"widget\" data-e-type=\"widget\" data-widget_type=\"text-editor.default\">\n\t\t\t\t<div class=\"elementor-widget-container\">\n\t\t\t\t\t\t\t\t\t<p>Logos et documentation marketing de l\u2019AGPC<\/p>\t\t\t\t\t\t\t\t<\/div>\n\t\t\t\t<\/div>\n\t\t\t\t\t<\/div>\n\t\t\t\t<\/div>\n\t\t\t\t<\/a>\n\t\t\t\t\t<\/div>\n\t\t\t\t<\/div>\n\t\t<div class=\"elementor-element elementor-element-3ca050f e-flex e-con-boxed e-con e-parent\" data-id=\"3ca050f\" data-element_type=\"container\" data-e-type=\"container\">\n\t\t\t\t\t<div class=\"e-con-inner\">\n\t\t\t\t<div class=\"elementor-element elementor-element-1b5c9b0 elementor-widget elementor-widget-spacer\" data-id=\"1b5c9b0\" data-element_type=\"widget\" data-e-type=\"widget\" data-widget_type=\"spacer.default\">\n\t\t\t\t<div class=\"elementor-widget-container\">\n\t\t\t\t\t\t\t<div class=\"elementor-spacer\">\n\t\t\t<div class=\"elementor-spacer-inner\"><\/div>\n\t\t<\/div>\n\t\t\t\t\t\t<\/div>\n\t\t\t\t<\/div>\n\t\t\t\t\t<\/div>\n\t\t\t\t<\/div>\n\t\t\t\t<\/div>\n\t\t","protected":false},"excerpt":{"rendered":"<p>Exemples d\u2019ententes et de politiques \u00c9conomies de co\u00fbts offertes par des prestataires de choix Enqu\u00eates et comparaisons sectorielles S\u00e9minaires et pr\u00e9sentations Logos et documentation marketing de l\u2019AGPC<\/p>\n","protected":false},"author":3191,"featured_media":0,"parent":0,"menu_order":10,"comment_status":"closed","ping_status":"closed","template":"","meta":{"_acf_changed":false,"_relevanssi_hide_post":"","_relevanssi_hide_content":"","_relevanssi_pin_for_all":"","_relevanssi_pin_keywords":"","_relevanssi_unpin_keywords":"","_relevanssi_related_keywords":"","_relevanssi_related_include_ids":"","_relevanssi_related_exclude_ids":"","_relevanssi_related_no_append":"","_relevanssi_related_not_related":"","_relevanssi_related_posts":"","_relevanssi_noindex_reason":"","footnotes":""},"categories":[],"tags":[89],"class_list":["post-27931","page","type-page","status-publish","hentry","tag-89"],"acf":[],"publishpress_future_action":{"enabled":false,"date":"2026-05-04 06:05:48","action":"change-status","newStatus":"draft","terms":[],"taxonomy":"category","extraData":[]},"publishpress_future_workflow_manual_trigger":{"enabledWorkflows":[]},"_links":{"self":[{"href":"https:\/\/pmac.org\/fr\/wp-json\/wp\/v2\/pages\/27931","targetHints":{"allow":["GET"]}}],"collection":[{"href":"https:\/\/pmac.org\/fr\/wp-json\/wp\/v2\/pages"}],"about":[{"href":"https:\/\/pmac.org\/fr\/wp-json\/wp\/v2\/types\/page"}],"author":[{"embeddable":true,"href":"https:\/\/pmac.org\/fr\/wp-json\/wp\/v2\/users\/3191"}],"replies":[{"embeddable":true,"href":"https:\/\/pmac.org\/fr\/wp-json\/wp\/v2\/comments?post=27931"}],"version-history":[{"count":0,"href":"https:\/\/pmac.org\/fr\/wp-json\/wp\/v2\/pages\/27931\/revisions"}],"wp:attachment":[{"href":"https:\/\/pmac.org\/fr\/wp-json\/wp\/v2\/media?parent=27931"}],"wp:term":[{"taxonomy":"category","embeddable":true,"href":"https:\/\/pmac.org\/fr\/wp-json\/wp\/v2\/categories?post=27931"},{"taxonomy":"post_tag","embeddable":true,"href":"https:\/\/pmac.org\/fr\/wp-json\/wp\/v2\/tags?post=27931"}],"curies":[{"name":"wp","href":"https:\/\/api.w.org\/{rel}","templated":true}]}}