{"id":29336,"date":"2024-05-22T12:23:20","date_gmt":"2024-05-22T16:23:20","guid":{"rendered":"https:\/\/pmac.org\/defense-des-interets\/propositions-au-gouvernement-2\/"},"modified":"2024-05-30T09:38:37","modified_gmt":"2024-05-30T13:38:37","slug":"propositions-au-gouvernement-2","status":"publish","type":"page","link":"https:\/\/pmac.org\/fr\/defense-des-interets\/propositions-au-gouvernement-2\/","title":{"rendered":"Propositions au gouvernement"},"content":{"rendered":"\t\t<div data-elementor-type=\"wp-page\" data-elementor-id=\"29336\" class=\"elementor elementor-29336 elementor-28895\" data-elementor-post-type=\"page\">\n\t\t\t\t<div class=\"elementor-element elementor-element-e44cd2b e-flex e-con-boxed e-con e-parent\" data-id=\"e44cd2b\" data-element_type=\"container\" data-e-type=\"container\">\n\t\t\t\t\t<div class=\"e-con-inner\">\n\t\t\t\t<div class=\"elementor-element elementor-element-e875194 elementor-widget elementor-widget-heading\" data-id=\"e875194\" data-element_type=\"widget\" data-e-type=\"widget\" data-widget_type=\"heading.default\">\n\t\t\t\t<div class=\"elementor-widget-container\">\n\t\t\t\t\t<h2 class=\"elementor-heading-title elementor-size-default\">Propositions au gouvernement<\/h2>\t\t\t\t<\/div>\n\t\t\t\t<\/div>\n\t\t\t\t<div class=\"elementor-element elementor-element-a5b51d2 elementor-widget elementor-widget-spacer\" data-id=\"a5b51d2\" data-element_type=\"widget\" data-e-type=\"widget\" data-widget_type=\"spacer.default\">\n\t\t\t\t<div class=\"elementor-widget-container\">\n\t\t\t\t\t\t\t<div class=\"elementor-spacer\">\n\t\t\t<div class=\"elementor-spacer-inner\"><\/div>\n\t\t<\/div>\n\t\t\t\t\t\t<\/div>\n\t\t\t\t<\/div>\n\t\t\t\t<div class=\"elementor-element elementor-element-4966298 elementor-widget elementor-widget-text-editor\" data-id=\"4966298\" data-element_type=\"widget\" data-e-type=\"widget\" data-widget_type=\"text-editor.default\">\n\t\t\t\t<div class=\"elementor-widget-container\">\n\t\t\t\t\t\t\t\t\t<p>Nous cherchons \u00e0 collaborer avec les organismes de r\u00e9glementation et les d\u00e9cideurs afin de rem\u00e9dier aux probl\u00e8mes li\u00e9s aux comportements et aux mesures qui minent l\u2019efficacit\u00e9, l\u2019\u00e9quit\u00e9 et la stabilit\u00e9 de nos march\u00e9s. Ensemble, nous croyons pouvoir trouver des solutions efficaces qui r\u00e9duisent le fardeau de nos membres.<\/p><p>Les soumissions ne sont actuellement disponibles que dans la langue dans laquelle elles ont \u00e9t\u00e9 initialement publi\u00e9es.<\/p><p>Pour consulter ce contenu dans sa version originale, cliquez <a href=\"https:\/\/pmac.org\/nav-advocacy\/submissions-to-government-2\/\"><span style=\"text-decoration: underline;\"><strong>ici<\/strong><\/span><\/a>.<\/p>\t\t\t\t\t\t\t\t<\/div>\n\t\t\t\t<\/div>\n\t\t\t\t\t<\/div>\n\t\t\t\t<\/div>\n\t\t<div class=\"elementor-element elementor-element-5e05b80 e-flex e-con-boxed e-con e-parent\" data-id=\"5e05b80\" data-element_type=\"container\" data-e-type=\"container\">\n\t\t\t\t\t<div class=\"e-con-inner\">\n\t\t\t\t<div class=\"elementor-element elementor-element-16fd6ea elementor-widget-divider--view-line elementor-widget elementor-widget-divider\" data-id=\"16fd6ea\" data-element_type=\"widget\" data-e-type=\"widget\" data-widget_type=\"divider.default\">\n\t\t\t\t<div class=\"elementor-widget-container\">\n\t\t\t\t\t\t\t<div class=\"elementor-divider\">\n\t\t\t<span class=\"elementor-divider-separator\">\n\t\t\t\t\t\t<\/span>\n\t\t<\/div>\n\t\t\t\t\t\t<\/div>\n\t\t\t\t<\/div>\n\t\t\t\t<div class=\"elementor-element elementor-element-2c3e1e9 elementor-grid-1 elementor-posts--thumbnail-top elementor-grid-tablet-2 elementor-grid-mobile-1 elementor-widget elementor-widget-posts\" data-id=\"2c3e1e9\" data-element_type=\"widget\" data-e-type=\"widget\" data-settings=\"{&quot;custom_columns&quot;:&quot;1&quot;,&quot;custom_columns_tablet&quot;:&quot;2&quot;,&quot;custom_columns_mobile&quot;:&quot;1&quot;,&quot;custom_row_gap&quot;:{&quot;unit&quot;:&quot;px&quot;,&quot;size&quot;:35,&quot;sizes&quot;:[]},&quot;custom_row_gap_widescreen&quot;:{&quot;unit&quot;:&quot;px&quot;,&quot;size&quot;:&quot;&quot;,&quot;sizes&quot;:[]},&quot;custom_row_gap_laptop&quot;:{&quot;unit&quot;:&quot;px&quot;,&quot;size&quot;:&quot;&quot;,&quot;sizes&quot;:[]},&quot;custom_row_gap_tablet&quot;:{&quot;unit&quot;:&quot;px&quot;,&quot;size&quot;:&quot;&quot;,&quot;sizes&quot;:[]},&quot;custom_row_gap_mobile&quot;:{&quot;unit&quot;:&quot;px&quot;,&quot;size&quot;:&quot;&quot;,&quot;sizes&quot;:[]}}\" data-widget_type=\"posts.custom\">\n\t\t\t\t<div class=\"elementor-widget-container\">\n\t\t\t\t\t      <div class=\"ecs-posts elementor-posts-container elementor-posts   elementor-grid elementor-posts--skin-custom\" data-settings=\"{&quot;current_page&quot;:1,&quot;max_num_pages&quot;:0,&quot;load_method&quot;:&quot;&quot;,&quot;widget_id&quot;:&quot;2c3e1e9&quot;,&quot;post_id&quot;:29336,&quot;theme_id&quot;:29336,&quot;change_url&quot;:false,&quot;reinit_js&quot;:false}\">\n      <div class=\"elementor-posts-nothing-found\"><\/div>\t\t<\/div>\n\t\t\t\t\t\t<\/div>\n\t\t\t\t<\/div>\n\t\t\t\t\t<\/div>\n\t\t\t\t<\/div>\n\t\t<div class=\"elementor-element elementor-element-a40d6ea e-flex e-con-boxed e-con e-parent\" data-id=\"a40d6ea\" data-element_type=\"container\" data-e-type=\"container\">\n\t\t\t\t\t<div class=\"e-con-inner\">\n\t\t\t\t<div class=\"elementor-element elementor-element-e48cf90 elementor-widget elementor-widget-spacer\" data-id=\"e48cf90\" data-element_type=\"widget\" data-e-type=\"widget\" data-widget_type=\"spacer.default\">\n\t\t\t\t<div class=\"elementor-widget-container\">\n\t\t\t\t\t\t\t<div class=\"elementor-spacer\">\n\t\t\t<div class=\"elementor-spacer-inner\"><\/div>\n\t\t<\/div>\n\t\t\t\t\t\t<\/div>\n\t\t\t\t<\/div>\n\t\t\t\t\t<\/div>\n\t\t\t\t<\/div>\n\t\t\t\t<\/div>\n\t\t","protected":false},"excerpt":{"rendered":"<p>Propositions au gouvernement Nous cherchons \u00e0 collaborer avec les organismes de r\u00e9glementation et les d\u00e9cideurs afin de rem\u00e9dier aux probl\u00e8mes li\u00e9s aux comportements et aux mesures qui minent l\u2019efficacit\u00e9, l\u2019\u00e9quit\u00e9 et la stabilit\u00e9 de nos march\u00e9s. Ensemble, nous croyons pouvoir trouver des solutions efficaces qui r\u00e9duisent le fardeau de nos membres. Les soumissions ne sont [&hellip;]<\/p>\n","protected":false},"author":2424,"featured_media":0,"parent":27924,"menu_order":0,"comment_status":"closed","ping_status":"closed","template":"","meta":{"_acf_changed":false,"_relevanssi_hide_post":"","_relevanssi_hide_content":"","_relevanssi_pin_for_all":"","_relevanssi_pin_keywords":"","_relevanssi_unpin_keywords":"","_relevanssi_related_keywords":"","_relevanssi_related_include_ids":"","_relevanssi_related_exclude_ids":"","_relevanssi_related_no_append":"","_relevanssi_related_not_related":"","_relevanssi_related_posts":"","_relevanssi_noindex_reason":"","footnotes":""},"categories":[],"tags":[],"class_list":["post-29336","page","type-page","status-publish","hentry"],"acf":[],"publishpress_future_action":{"enabled":false,"date":"2026-05-05 05:52:58","action":"change-status","newStatus":"draft","terms":[],"taxonomy":"category","extraData":[]},"publishpress_future_workflow_manual_trigger":{"enabledWorkflows":[]},"_links":{"self":[{"href":"https:\/\/pmac.org\/fr\/wp-json\/wp\/v2\/pages\/29336","targetHints":{"allow":["GET"]}}],"collection":[{"href":"https:\/\/pmac.org\/fr\/wp-json\/wp\/v2\/pages"}],"about":[{"href":"https:\/\/pmac.org\/fr\/wp-json\/wp\/v2\/types\/page"}],"author":[{"embeddable":true,"href":"https:\/\/pmac.org\/fr\/wp-json\/wp\/v2\/users\/2424"}],"replies":[{"embeddable":true,"href":"https:\/\/pmac.org\/fr\/wp-json\/wp\/v2\/comments?post=29336"}],"version-history":[{"count":0,"href":"https:\/\/pmac.org\/fr\/wp-json\/wp\/v2\/pages\/29336\/revisions"}],"up":[{"embeddable":true,"href":"https:\/\/pmac.org\/fr\/wp-json\/wp\/v2\/pages\/27924"}],"wp:attachment":[{"href":"https:\/\/pmac.org\/fr\/wp-json\/wp\/v2\/media?parent=29336"}],"wp:term":[{"taxonomy":"category","embeddable":true,"href":"https:\/\/pmac.org\/fr\/wp-json\/wp\/v2\/categories?post=29336"},{"taxonomy":"post_tag","embeddable":true,"href":"https:\/\/pmac.org\/fr\/wp-json\/wp\/v2\/tags?post=29336"}],"curies":[{"name":"wp","href":"https:\/\/api.w.org\/{rel}","templated":true}]}}